{"id":11,"date":"2025-09-19T20:38:16","date_gmt":"2025-09-19T20:38:16","guid":{"rendered":"https:\/\/globalmaxmineralle.com\/?page_id=11"},"modified":"2025-09-20T15:12:40","modified_gmt":"2025-09-20T15:12:40","slug":"inicio","status":"publish","type":"page","link":"https:\/\/globalmaxmineralle.com\/es\/","title":{"rendered":"Inicio"},"content":{"rendered":"<div data-elementor-type=\"wp-page\" data-elementor-id=\"11\" class=\"elementor elementor-11\" data-elementor-post-type=\"page\">\n\t\t\t\t<div class=\"elementor-element elementor-element-3af678cb e-con-full e-flex e-con e-parent\" data-id=\"3af678cb\" data-element_type=\"container\" data-settings=\"{&quot;background_background&quot;:&quot;slideshow&quot;,&quot;background_slideshow_gallery&quot;:[{&quot;id&quot;:54,&quot;url&quot;:&quot;https:\\\/\\\/globalmaxmineralle.com\\\/wp-content\\\/uploads\\\/2025\\\/09\\\/nascer-sol-de-tirar-o-folego-sobre-praia-com-calcas-verdes-crescendo-na-praia-scaled.jpg&quot;}],&quot;background_slideshow_loop&quot;:&quot;yes&quot;,&quot;background_slideshow_slide_duration&quot;:5000,&quot;background_slideshow_slide_transition&quot;:&quot;fade&quot;,&quot;background_slideshow_transition_duration&quot;:500}\">\n\t\t\t\t<div class=\"elementor-element elementor-element-35cee9a elementor-widget elementor-widget-image\" data-id=\"35cee9a\" data-element_type=\"widget\" data-widget_type=\"image.default\">\n\t\t\t\t\t\t\t\t\t\t\t\t\t\t\t<img fetchpriority=\"high\" decoding=\"async\" width=\"800\" height=\"124\" src=\"https:\/\/globalmaxmineralle.com\/wp-content\/uploads\/2025\/09\/Logo-Global-Mix-n-1024x159.png\" class=\"attachment-large size-large wp-image-15\" alt=\"\" srcset=\"https:\/\/globalmaxmineralle.com\/wp-content\/uploads\/2025\/09\/Logo-Global-Mix-n-1024x159.png 1024w, https:\/\/globalmaxmineralle.com\/wp-content\/uploads\/2025\/09\/Logo-Global-Mix-n-300x46.png 300w, https:\/\/globalmaxmineralle.com\/wp-content\/uploads\/2025\/09\/Logo-Global-Mix-n-768x119.png 768w, https:\/\/globalmaxmineralle.com\/wp-content\/uploads\/2025\/09\/Logo-Global-Mix-n-1536x238.png 1536w, https:\/\/globalmaxmineralle.com\/wp-content\/uploads\/2025\/09\/Logo-Global-Mix-n-2048x317.png 2048w\" sizes=\"(max-width: 800px) 100vw, 800px\" \/>\t\t\t\t\t\t\t\t\t\t\t\t\t\t\t<\/div>\n\t\t\t\t<div class=\"elementor-element elementor-element-1fe5df4b elementor-widget elementor-widget-heading\" data-id=\"1fe5df4b\" data-element_type=\"widget\" data-widget_type=\"heading.default\">\n\t\t\t\t\t<h6 class=\"elementor-heading-title elementor-size-default\">ALGO NUEVO EST\u00c1 LLEGANDO\n\n<\/h6>\t\t\t\t<\/div>\n\t\t\t\t<div class=\"elementor-element elementor-element-58744888 elementor-widget elementor-widget-heading\" data-id=\"58744888\" data-element_type=\"widget\" data-widget_type=\"heading.default\">\n\t\t\t\t\t<h1 class=\"elementor-heading-title elementor-size-default\">O Padr\u00e3o Global em Bebidas Brasileiras.<\/h1>\t\t\t\t<\/div>\n\t\t\t\t<div class=\"elementor-element elementor-element-56307e70 elementor-widget elementor-widget-heading\" data-id=\"56307e70\" data-element_type=\"widget\" data-widget_type=\"heading.default\">\n\t\t\t\t\t<h5 class=\"elementor-heading-title elementor-size-default\">Nossa plataforma de exporta\u00e7\u00e3o est\u00e1 quase pronta. Deixe seu contato e seja um dos primeiros a conhecer as oportunidades que estamos trazendo para o mercado internacional.<\/h5>\t\t\t\t<\/div>\n\t\t\t\t<div class=\"elementor-element elementor-element-2e40385c elementor-align-center elementor-widget elementor-widget-button\" data-id=\"2e40385c\" data-element_type=\"widget\" data-widget_type=\"button.default\">\n\t\t\t\t\t\t\t\t\t\t<a class=\"elementor-button elementor-button-link elementor-size-sm\" href=\"https:\/\/wa.me\/5524992051554?text=Ol\u00e1!%20Visitei%20o%20site%20e%20gostaria%20de%20mais%20informa\u00e7\u00f5es%20sobre%20o%20portf\u00f3lio%20de%20exporta\u00e7\u00e3o.\">\n\t\t\t\t\t\t<span class=\"elementor-button-content-wrapper\">\n\t\t\t\t\t\t\t\t\t<span class=\"elementor-button-text\">Tenho Interesse<\/span>\n\t\t\t\t\t<\/span>\n\t\t\t\t\t<\/a>\n\t\t\t\t\t\t\t\t<\/div>\n\t\t\t\t<div class=\"elementor-element elementor-element-12194e2 elementor-shape-rounded elementor-grid-0 e-grid-align-center elementor-widget elementor-widget-social-icons\" data-id=\"12194e2\" data-element_type=\"widget\" data-widget_type=\"social-icons.default\">\n\t\t\t\t\t\t\t<div class=\"elementor-social-icons-wrapper elementor-grid\" role=\"list\">\n\t\t\t\t\t\t\t<span class=\"elementor-grid-item\" role=\"listitem\">\n\t\t\t\t\t<a class=\"elementor-icon elementor-social-icon elementor-social-icon-facebook elementor-repeater-item-c5bed19\" href=\"https:\/\/www.facebook.com\/profile.php?id=61581006381635#\" target=\"_blank\">\n\t\t\t\t\t\t<span class=\"elementor-screen-only\">Facebook<\/span>\n\t\t\t\t\t\t<svg aria-hidden=\"true\" class=\"e-font-icon-svg e-fab-facebook\" viewbox=\"0 0 512 512\" xmlns=\"http:\/\/www.w3.org\/2000\/svg\"><path d=\"M504 256C504 119 393 8 256 8S8 119 8 256c0 123.78 90.69 226.38 209.25 245V327.69h-63V256h63v-54.64c0-62.15 37-96.48 93.67-96.48 27.14 0 55.52 4.84 55.52 4.84v61h-31.28c-30.8 0-40.41 19.12-40.41 38.73V256h68.78l-11 71.69h-57.78V501C413.31 482.38 504 379.78 504 256z\"><\/path><\/svg>\t\t\t\t\t<\/a>\n\t\t\t\t<\/span>\n\t\t\t\t\t\t\t<span class=\"elementor-grid-item\" role=\"listitem\">\n\t\t\t\t\t<a class=\"elementor-icon elementor-social-icon elementor-social-icon-youtube elementor-repeater-item-b05699f\" href=\"https:\/\/www.youtube.com\/watch?v=VO2845dqNQU&#038;list=PLub59axhYlOmAFdtFe8But2iqqHdRnf5V\" target=\"_blank\">\n\t\t\t\t\t\t<span class=\"elementor-screen-only\">Youtube<\/span>\n\t\t\t\t\t\t<svg aria-hidden=\"true\" class=\"e-font-icon-svg e-fab-youtube\" viewbox=\"0 0 576 512\" xmlns=\"http:\/\/www.w3.org\/2000\/svg\"><path d=\"M549.655 124.083c-6.281-23.65-24.787-42.276-48.284-48.597C458.781 64 288 64 288 64S117.22 64 74.629 75.486c-23.497 6.322-42.003 24.947-48.284 48.597-11.412 42.867-11.412 132.305-11.412 132.305s0 89.438 11.412 132.305c6.281 23.65 24.787 41.5 48.284 47.821C117.22 448 288 448 288 448s170.78 0 213.371-11.486c23.497-6.321 42.003-24.171 48.284-47.821 11.412-42.867 11.412-132.305 11.412-132.305s0-89.438-11.412-132.305zm-317.51 213.508V175.185l142.739 81.205-142.739 81.201z\"><\/path><\/svg>\t\t\t\t\t<\/a>\n\t\t\t\t<\/span>\n\t\t\t\t\t\t\t<span class=\"elementor-grid-item\" role=\"listitem\">\n\t\t\t\t\t<a class=\"elementor-icon elementor-social-icon elementor-social-icon-linkedin elementor-repeater-item-b814bae\" href=\"https:\/\/www.linkedin.com\/company\/attiva-%C3%A1gua-mineral\/mycompany\/\" target=\"_blank\">\n\t\t\t\t\t\t<span class=\"elementor-screen-only\">Linkedin<\/span>\n\t\t\t\t\t\t<svg aria-hidden=\"true\" class=\"e-font-icon-svg e-fab-linkedin\" viewbox=\"0 0 448 512\" xmlns=\"http:\/\/www.w3.org\/2000\/svg\"><path d=\"M416 32H31.9C14.3 32 0 46.5 0 64.3v383.4C0 465.5 14.3 480 31.9 480H416c17.6 0 32-14.5 32-32.3V64.3c0-17.8-14.4-32.3-32-32.3zM135.4 416H69V202.2h66.5V416zm-33.2-243c-21.3 0-38.5-17.3-38.5-38.5S80.9 96 102.2 96c21.2 0 38.5 17.3 38.5 38.5 0 21.3-17.2 38.5-38.5 38.5zm282.1 243h-66.4V312c0-24.8-.5-56.7-34.5-56.7-34.6 0-39.9 27-39.9 54.9V416h-66.4V202.2h63.7v29.2h.9c8.9-16.8 30.6-34.5 62.9-34.5 67.2 0 79.7 44.3 79.7 101.9V416z\"><\/path><\/svg>\t\t\t\t\t<\/a>\n\t\t\t\t<\/span>\n\t\t\t\t\t<\/div>\n\t\t\t\t\t\t<\/div>\n\t\t\t\t<\/div>\n\t\t\t\t<\/div>","protected":false},"excerpt":{"rendered":"<p>ALGO NOVO EST\u00c1 CHEGANDO O Padr\u00e3o Global em Bebidas Brasileiras. Nossa plataforma de exporta\u00e7\u00e3o est\u00e1 quase pronta. Deixe seu contato e seja um dos primeiros a conhecer as oportunidades que estamos trazendo para o mercado internacional. Tenho Interesse Facebook Youtube Linkedin<\/p>","protected":false},"author":1,"featured_media":0,"parent":0,"menu_order":0,"comment_status":"closed","ping_status":"closed","template":"elementor_canvas","meta":{"footnotes":""},"class_list":["post-11","page","type-page","status-publish","hentry"],"_hostinger_reach_plugin_has_subscription_block":false,"_hostinger_reach_plugin_is_elementor":false,"_links":{"self":[{"href":"https:\/\/globalmaxmineralle.com\/es\/wp-json\/wp\/v2\/pages\/11","targetHints":{"allow":["GET"]}}],"collection":[{"href":"https:\/\/globalmaxmineralle.com\/es\/wp-json\/wp\/v2\/pages"}],"about":[{"href":"https:\/\/globalmaxmineralle.com\/es\/wp-json\/wp\/v2\/types\/page"}],"author":[{"embeddable":true,"href":"https:\/\/globalmaxmineralle.com\/es\/wp-json\/wp\/v2\/users\/1"}],"replies":[{"embeddable":true,"href":"https:\/\/globalmaxmineralle.com\/es\/wp-json\/wp\/v2\/comments?post=11"}],"version-history":[{"count":34,"href":"https:\/\/globalmaxmineralle.com\/es\/wp-json\/wp\/v2\/pages\/11\/revisions"}],"predecessor-version":[{"id":67,"href":"https:\/\/globalmaxmineralle.com\/es\/wp-json\/wp\/v2\/pages\/11\/revisions\/67"}],"wp:attachment":[{"href":"https:\/\/globalmaxmineralle.com\/es\/wp-json\/wp\/v2\/media?parent=11"}],"curies":[{"name":"wp","href":"https:\/\/api.w.org\/{rel}","templated":true}]}}